{"id":105,"date":"2024-12-30T13:13:46","date_gmt":"2024-12-30T12:13:46","guid":{"rendered":"https:\/\/polygram.cz\/?page_id=105"},"modified":"2026-03-25T13:22:15","modified_gmt":"2026-03-25T12:22:15","slug":"kontakt","status":"publish","type":"page","link":"https:\/\/polygram.cz\/en\/kontakt\/","title":{"rendered":"Contact"},"content":{"rendered":"<div data-elementor-type=\"wp-page\" data-elementor-id=\"105\" class=\"elementor elementor-105\" data-elementor-post-type=\"page\">\n\t\t\t\t<div data-particle_enable=\"false\" data-particle-mobile-disabled=\"false\" class=\"elementor-element elementor-element-91ee3a2 e-flex e-con-boxed e-con e-parent\" data-id=\"91ee3a2\" data-element_type=\"container\">\n\t\t\t\t\t<div class=\"e-con-inner\">\n\t\t\t\t<div class=\"elementor-element elementor-element-26fb1ac elementor-widget elementor-widget-heading\" data-id=\"26fb1ac\" data-element_type=\"widget\" data-widget_type=\"heading.default\">\n\t\t\t\t<div class=\"elementor-widget-container\">\n\t\t\t\t\t<h2 class=\"elementor-heading-title elementor-size-default\">Contact<\/h2>\t\t\t\t<\/div>\n\t\t\t\t<\/div>\n\t\t<div data-particle_enable=\"false\" data-particle-mobile-disabled=\"false\" class=\"elementor-element elementor-element-5aba24a e-con-full e-flex e-con e-child\" data-id=\"5aba24a\" data-element_type=\"container\">\n\t\t\t\t<div class=\"elementor-element elementor-element-a1a2c39 eael-team-align-eael-team-align-default elementor-widget elementor-widget-eael-team-member\" data-id=\"a1a2c39\" data-element_type=\"widget\" data-widget_type=\"eael-team-member.default\">\n\t\t\t\t<div class=\"elementor-widget-container\">\n\t\t\t\t\t\n\n\t<div id=\"eael-team-member-a1a2c39\" class=\"eael-team-item eael-team-members-circle team-avatar-rounded\">\n\t\t<div class=\"eael-team-item-inner\">\n\t\t\t<div class=\"eael-team-image\">\n\t\t\t\t<figure>\n\t\t\t\t\t\t\t\t\t\t<img decoding=\"async\" src=\"https:\/\/polygram.cz\/wp-content\/uploads\/2026\/03\/IMG_1071_PSed-scaled-e1774441290702.webp\" alt=\"\">\n\t\t\t\t\t\t\t\t\t<\/figure>\n\t\t\t\t\n\t\t\t\t\n\t\t\t<\/div>\n\n\t\t\t<div class=\"eael-team-content\">\n\t\t\t\t<h2 class=\"eael-team-member-name\">Ing. arch. TOM\u00c1\u0160 HRIC<\/h2><h3 class=\"eael-team-member-position\"><\/h3>\n\t\t\t\t\t\t\t\t\t\t\t\t\t\t<p class=\"eael-team-text\"><a href=\"mailto:tomas.hric@polygram.cz\" style=\"color: #000000\">tomas.hric@polygram.cz<\/a><br>\n<a href=\"tel:+420725844799\" style=\"color: #000000\">+420 725 844 799<\/a><\/p>\n\t\t\t\t\t\t\t<\/div>\n\t\t<\/div>\n\t<\/div>\n\t\t\t\t\t<\/div>\n\t\t\t\t<\/div>\n\t\t\t\t<div class=\"elementor-element elementor-element-50a99d8 eael-team-align-eael-team-align-default elementor-widget elementor-widget-eael-team-member\" data-id=\"50a99d8\" data-element_type=\"widget\" data-widget_type=\"eael-team-member.default\">\n\t\t\t\t<div class=\"elementor-widget-container\">\n\t\t\t\t\t\n\n\t<div id=\"eael-team-member-50a99d8\" class=\"eael-team-item eael-team-members-circle team-avatar-rounded\">\n\t\t<div class=\"eael-team-item-inner\">\n\t\t\t<div class=\"eael-team-image\">\n\t\t\t\t<figure>\n\t\t\t\t\t\t\t\t\t\t<img decoding=\"async\" src=\"https:\/\/polygram.cz\/wp-content\/uploads\/2026\/03\/260325_maros-fotka-web-e1774441325242.webp\" alt=\"\">\n\t\t\t\t\t\t\t\t\t<\/figure>\n\t\t\t\t\n\t\t\t\t\n\t\t\t<\/div>\n\n\t\t\t<div class=\"eael-team-content\">\n\t\t\t\t<h2 class=\"eael-team-member-name\">Ing. arch. MARO\u0160 GAL\u00c1\u017d<\/h2><h3 class=\"eael-team-member-position\"><\/h3>\n\t\t\t\t\t\t\t\t\t\t\t\t\t\t<p class=\"eael-team-text\"><a href=\"mailto:maros.galaz@polygram.cz\" style=\"color: #000000\">maros.galaz@polygram.cz<\/a><br>\n<a href=\"tel:+420608891925\" style=\"color: #000000\">+420 608 891 925<\/a><\/p>\n\t\t\t\t\t\t\t<\/div>\n\t\t<\/div>\n\t<\/div>\n\t\t\t\t\t<\/div>\n\t\t\t\t<\/div>\n\t\t\t\t<div class=\"elementor-element elementor-element-97b1ce0 elementor-absolute e-transform elementor-hidden-mobile elementor-widget elementor-widget-image\" data-id=\"97b1ce0\" data-element_type=\"widget\" data-settings=\"{&quot;_position&quot;:&quot;absolute&quot;,&quot;motion_fx_motion_fx_scrolling&quot;:&quot;yes&quot;,&quot;motion_fx_rotateZ_effect&quot;:&quot;yes&quot;,&quot;motion_fx_rotateZ_direction&quot;:&quot;negative&quot;,&quot;motion_fx_devices&quot;:[&quot;desktop&quot;],&quot;_transform_rotateZ_effect&quot;:{&quot;unit&quot;:&quot;px&quot;,&quot;size&quot;:220,&quot;sizes&quot;:[]},&quot;motion_fx_rotateZ_speed&quot;:{&quot;unit&quot;:&quot;px&quot;,&quot;size&quot;:1,&quot;sizes&quot;:[]},&quot;motion_fx_rotateZ_affectedRange&quot;:{&quot;unit&quot;:&quot;%&quot;,&quot;size&quot;:&quot;&quot;,&quot;sizes&quot;:{&quot;start&quot;:0,&quot;end&quot;:100}},&quot;_transform_rotateZ_effect_tablet&quot;:{&quot;unit&quot;:&quot;deg&quot;,&quot;size&quot;:&quot;&quot;,&quot;sizes&quot;:[]},&quot;_transform_rotateZ_effect_mobile&quot;:{&quot;unit&quot;:&quot;deg&quot;,&quot;size&quot;:&quot;&quot;,&quot;sizes&quot;:[]}}\" data-widget_type=\"image.default\">\n\t\t\t\t<div class=\"elementor-widget-container\">\n\t\t\t\t\t\t\t\t\t\t\t\t\t\t\t<img decoding=\"async\" width=\"170\" height=\"182\" src=\"https:\/\/polygram.cz\/wp-content\/uploads\/2024\/12\/Vector.png\" class=\"attachment-large size-large wp-image-148\" alt=\"\" srcset=\"https:\/\/polygram.cz\/wp-content\/uploads\/2024\/12\/Vector.png 170w, https:\/\/polygram.cz\/wp-content\/uploads\/2024\/12\/Vector-11x12.png 11w\" sizes=\"(max-width: 170px) 100vw, 170px\" \/>\t\t\t\t\t\t\t\t\t\t\t\t\t\t\t<\/div>\n\t\t\t\t<\/div>\n\t\t\t\t<\/div>\n\t\t\t\t\t<\/div>\n\t\t\t\t<\/div>\n\t\t<div data-particle_enable=\"false\" data-particle-mobile-disabled=\"false\" class=\"elementor-element elementor-element-2a23afe e-flex e-con-boxed e-con e-parent\" data-id=\"2a23afe\" data-element_type=\"container\">\n\t\t\t\t\t<div class=\"e-con-inner\">\n\t\t\t\t<div class=\"elementor-element elementor-element-c25e0ad elementor-widget elementor-widget-image\" data-id=\"c25e0ad\" data-element_type=\"widget\" data-widget_type=\"image.default\">\n\t\t\t\t<div class=\"elementor-widget-container\">\n\t\t\t\t\t\t\t\t\t\t\t\t\t\t\t<img fetchpriority=\"high\" decoding=\"async\" width=\"1024\" height=\"203\" src=\"https:\/\/polygram.cz\/wp-content\/uploads\/2025\/01\/Group-21-1024x203.png\" class=\"attachment-large size-large wp-image-426\" alt=\"\" srcset=\"https:\/\/polygram.cz\/wp-content\/uploads\/2025\/01\/Group-21-1024x203.png 1024w, https:\/\/polygram.cz\/wp-content\/uploads\/2025\/01\/Group-21-300x59.png 300w, https:\/\/polygram.cz\/wp-content\/uploads\/2025\/01\/Group-21-768x152.png 768w, https:\/\/polygram.cz\/wp-content\/uploads\/2025\/01\/Group-21-18x4.png 18w, https:\/\/polygram.cz\/wp-content\/uploads\/2025\/01\/Group-21.png 1192w\" sizes=\"(max-width: 1024px) 100vw, 1024px\" \/>\t\t\t\t\t\t\t\t\t\t\t\t\t\t\t<\/div>\n\t\t\t\t<\/div>\n\t\t\t\t\t<\/div>\n\t\t\t\t<\/div>\n\t\t\t\t<\/div>","protected":false},"excerpt":{"rendered":"<p>Kontakt Ing. arch. TOM\u00c1\u0160 HRIC tomas.hric@polygram.cz +420 725 844 799 Ing. arch. MARO\u0160 GAL\u00c1\u017d maros.galaz@polygram.cz +420 608 891 925<\/p>","protected":false},"author":1,"featured_media":0,"parent":0,"menu_order":0,"comment_status":"closed","ping_status":"closed","template":"","meta":{"footnotes":""},"class_list":["post-105","page","type-page","status-publish","hentry"],"blocksy_meta":[],"yoast_head":"<!-- This site is optimized with the Yoast SEO Premium plugin v23.2 (Yoast SEO v26.6) - https:\/\/yoast.com\/wordpress\/plugins\/seo\/ -->\n<title>Polygram | Kontakt<\/title>\n<meta name=\"description\" content=\"M\u00e1te dotaz nebo chcete poptat spolupr\u00e1ci? Ozv\u011bte se n\u00e1m \u2013 budeme r\u00e1di za ka\u017edou zpr\u00e1vu.\" \/>\n<meta name=\"robots\" content=\"index, follow, max-snippet:-1, max-image-preview:large, max-video-preview:-1\" \/>\n<link rel=\"canonical\" href=\"https:\/\/polygram.cz\/en\/kontakt\/\" \/>\n<meta property=\"og:locale\" content=\"en_GB\" \/>\n<meta property=\"og:type\" content=\"article\" \/>\n<meta property=\"og:title\" content=\"Kontakt\" \/>\n<meta property=\"og:description\" content=\"M\u00e1te dotaz nebo chcete poptat spolupr\u00e1ci? Ozv\u011bte se n\u00e1m \u2013 budeme r\u00e1di za ka\u017edou zpr\u00e1vu.\" \/>\n<meta property=\"og:url\" content=\"https:\/\/polygram.cz\/en\/kontakt\/\" \/>\n<meta property=\"og:site_name\" content=\"Polygram\" \/>\n<meta property=\"article:modified_time\" content=\"2026-03-25T12:22:15+00:00\" \/>\n<meta property=\"og:image\" content=\"https:\/\/polygram.cz\/wp-content\/uploads\/2025\/03\/cropped-fav.png\" \/>\n\t<meta property=\"og:image:width\" content=\"512\" \/>\n\t<meta property=\"og:image:height\" content=\"512\" \/>\n\t<meta property=\"og:image:type\" content=\"image\/png\" \/>\n<meta name=\"twitter:card\" content=\"summary_large_image\" \/>\n<meta name=\"twitter:label1\" content=\"Estimated reading time\" \/>\n\t<meta name=\"twitter:data1\" content=\"1 minute\" \/>\n<script type=\"application\/ld+json\" class=\"yoast-schema-graph\">{\"@context\":\"https:\/\/schema.org\",\"@graph\":[{\"@type\":\"WebPage\",\"@id\":\"https:\/\/polygram.cz\/kontakt\/\",\"url\":\"https:\/\/polygram.cz\/kontakt\/\",\"name\":\"Polygram | Kontakt\",\"isPartOf\":{\"@id\":\"https:\/\/polygram.cz\/#website\"},\"primaryImageOfPage\":{\"@id\":\"https:\/\/polygram.cz\/kontakt\/#primaryimage\"},\"image\":{\"@id\":\"https:\/\/polygram.cz\/kontakt\/#primaryimage\"},\"thumbnailUrl\":\"https:\/\/polygram.cz\/wp-content\/uploads\/2026\/03\/IMG_1071_PSed-scaled-e1774441290702.webp\",\"datePublished\":\"2024-12-30T12:13:46+00:00\",\"dateModified\":\"2026-03-25T12:22:15+00:00\",\"description\":\"M\u00e1te dotaz nebo chcete poptat spolupr\u00e1ci? Ozv\u011bte se n\u00e1m \u2013 budeme r\u00e1di za ka\u017edou zpr\u00e1vu.\",\"breadcrumb\":{\"@id\":\"https:\/\/polygram.cz\/kontakt\/#breadcrumb\"},\"inLanguage\":\"en-GB\",\"potentialAction\":[{\"@type\":\"ReadAction\",\"target\":[\"https:\/\/polygram.cz\/kontakt\/\"]}]},{\"@type\":\"ImageObject\",\"inLanguage\":\"en-GB\",\"@id\":\"https:\/\/polygram.cz\/kontakt\/#primaryimage\",\"url\":\"https:\/\/polygram.cz\/wp-content\/uploads\/2026\/03\/IMG_1071_PSed-scaled-e1774441290702.webp\",\"contentUrl\":\"https:\/\/polygram.cz\/wp-content\/uploads\/2026\/03\/IMG_1071_PSed-scaled-e1774441290702.webp\"},{\"@type\":\"BreadcrumbList\",\"@id\":\"https:\/\/polygram.cz\/kontakt\/#breadcrumb\",\"itemListElement\":[{\"@type\":\"ListItem\",\"position\":1,\"name\":\"Home\",\"item\":\"https:\/\/polygram.cz\/\"},{\"@type\":\"ListItem\",\"position\":2,\"name\":\"Kontakt\"}]},{\"@type\":\"WebSite\",\"@id\":\"https:\/\/polygram.cz\/#website\",\"url\":\"https:\/\/polygram.cz\/\",\"name\":\"Polygram\",\"description\":\"\",\"publisher\":{\"@id\":\"https:\/\/polygram.cz\/#organization\"},\"potentialAction\":[{\"@type\":\"SearchAction\",\"target\":{\"@type\":\"EntryPoint\",\"urlTemplate\":\"https:\/\/polygram.cz\/?s={search_term_string}\"},\"query-input\":{\"@type\":\"PropertyValueSpecification\",\"valueRequired\":true,\"valueName\":\"search_term_string\"}}],\"inLanguage\":\"en-GB\"},{\"@type\":\"Organization\",\"@id\":\"https:\/\/polygram.cz\/#organization\",\"name\":\"Polygram\",\"url\":\"https:\/\/polygram.cz\/\",\"logo\":{\"@type\":\"ImageObject\",\"inLanguage\":\"en-GB\",\"@id\":\"https:\/\/polygram.cz\/#\/schema\/logo\/image\/\",\"url\":\"https:\/\/polygram.cz\/wp-content\/uploads\/2025\/01\/Logo1-1-e1736084041608.png\",\"contentUrl\":\"https:\/\/polygram.cz\/wp-content\/uploads\/2025\/01\/Logo1-1-e1736084041608.png\",\"width\":2260,\"height\":465,\"caption\":\"Polygram\"},\"image\":{\"@id\":\"https:\/\/polygram.cz\/#\/schema\/logo\/image\/\"}}]}<\/script>\n<!-- \/ Yoast SEO Premium plugin. -->","yoast_head_json":{"title":"Polygram | Kontakt","description":"M\u00e1te dotaz nebo chcete poptat spolupr\u00e1ci? Ozv\u011bte se n\u00e1m \u2013 budeme r\u00e1di za ka\u017edou zpr\u00e1vu.","robots":{"index":"index","follow":"follow","max-snippet":"max-snippet:-1","max-image-preview":"max-image-preview:large","max-video-preview":"max-video-preview:-1"},"canonical":"https:\/\/polygram.cz\/en\/kontakt\/","og_locale":"en_GB","og_type":"article","og_title":"Kontakt","og_description":"M\u00e1te dotaz nebo chcete poptat spolupr\u00e1ci? Ozv\u011bte se n\u00e1m \u2013 budeme r\u00e1di za ka\u017edou zpr\u00e1vu.","og_url":"https:\/\/polygram.cz\/en\/kontakt\/","og_site_name":"Polygram","article_modified_time":"2026-03-25T12:22:15+00:00","og_image":[{"width":512,"height":512,"url":"https:\/\/polygram.cz\/wp-content\/uploads\/2025\/03\/cropped-fav.png","type":"image\/png"}],"twitter_card":"summary_large_image","twitter_misc":{"Estimated reading time":"1 minute"},"schema":{"@context":"https:\/\/schema.org","@graph":[{"@type":"WebPage","@id":"https:\/\/polygram.cz\/kontakt\/","url":"https:\/\/polygram.cz\/kontakt\/","name":"Polygram | Kontakt","isPartOf":{"@id":"https:\/\/polygram.cz\/#website"},"primaryImageOfPage":{"@id":"https:\/\/polygram.cz\/kontakt\/#primaryimage"},"image":{"@id":"https:\/\/polygram.cz\/kontakt\/#primaryimage"},"thumbnailUrl":"https:\/\/polygram.cz\/wp-content\/uploads\/2026\/03\/IMG_1071_PSed-scaled-e1774441290702.webp","datePublished":"2024-12-30T12:13:46+00:00","dateModified":"2026-03-25T12:22:15+00:00","description":"M\u00e1te dotaz nebo chcete poptat spolupr\u00e1ci? Ozv\u011bte se n\u00e1m \u2013 budeme r\u00e1di za ka\u017edou zpr\u00e1vu.","breadcrumb":{"@id":"https:\/\/polygram.cz\/kontakt\/#breadcrumb"},"inLanguage":"en-GB","potentialAction":[{"@type":"ReadAction","target":["https:\/\/polygram.cz\/kontakt\/"]}]},{"@type":"ImageObject","inLanguage":"en-GB","@id":"https:\/\/polygram.cz\/kontakt\/#primaryimage","url":"https:\/\/polygram.cz\/wp-content\/uploads\/2026\/03\/IMG_1071_PSed-scaled-e1774441290702.webp","contentUrl":"https:\/\/polygram.cz\/wp-content\/uploads\/2026\/03\/IMG_1071_PSed-scaled-e1774441290702.webp"},{"@type":"BreadcrumbList","@id":"https:\/\/polygram.cz\/kontakt\/#breadcrumb","itemListElement":[{"@type":"ListItem","position":1,"name":"Home","item":"https:\/\/polygram.cz\/"},{"@type":"ListItem","position":2,"name":"Kontakt"}]},{"@type":"WebSite","@id":"https:\/\/polygram.cz\/#website","url":"https:\/\/polygram.cz\/","name":"Polygram","description":"","publisher":{"@id":"https:\/\/polygram.cz\/#organization"},"potentialAction":[{"@type":"SearchAction","target":{"@type":"EntryPoint","urlTemplate":"https:\/\/polygram.cz\/?s={search_term_string}"},"query-input":{"@type":"PropertyValueSpecification","valueRequired":true,"valueName":"search_term_string"}}],"inLanguage":"en-GB"},{"@type":"Organization","@id":"https:\/\/polygram.cz\/#organization","name":"Polygram","url":"https:\/\/polygram.cz\/","logo":{"@type":"ImageObject","inLanguage":"en-GB","@id":"https:\/\/polygram.cz\/#\/schema\/logo\/image\/","url":"https:\/\/polygram.cz\/wp-content\/uploads\/2025\/01\/Logo1-1-e1736084041608.png","contentUrl":"https:\/\/polygram.cz\/wp-content\/uploads\/2025\/01\/Logo1-1-e1736084041608.png","width":2260,"height":465,"caption":"Polygram"},"image":{"@id":"https:\/\/polygram.cz\/#\/schema\/logo\/image\/"}}]}},"_links":{"self":[{"href":"https:\/\/polygram.cz\/en\/wp-json\/wp\/v2\/pages\/105","targetHints":{"allow":["GET"]}}],"collection":[{"href":"https:\/\/polygram.cz\/en\/wp-json\/wp\/v2\/pages"}],"about":[{"href":"https:\/\/polygram.cz\/en\/wp-json\/wp\/v2\/types\/page"}],"author":[{"embeddable":true,"href":"https:\/\/polygram.cz\/en\/wp-json\/wp\/v2\/users\/1"}],"replies":[{"embeddable":true,"href":"https:\/\/polygram.cz\/en\/wp-json\/wp\/v2\/comments?post=105"}],"version-history":[{"count":6,"href":"https:\/\/polygram.cz\/en\/wp-json\/wp\/v2\/pages\/105\/revisions"}],"predecessor-version":[{"id":2670,"href":"https:\/\/polygram.cz\/en\/wp-json\/wp\/v2\/pages\/105\/revisions\/2670"}],"wp:attachment":[{"href":"https:\/\/polygram.cz\/en\/wp-json\/wp\/v2\/media?parent=105"}],"curies":[{"name":"wp","href":"https:\/\/api.w.org\/{rel}","templated":true}]}}