{"id":2013,"date":"2025-03-27T21:33:33","date_gmt":"2025-03-27T20:33:33","guid":{"rendered":"https:\/\/polygram.cz\/?page_id=2013"},"modified":"2026-03-25T11:40:36","modified_gmt":"2026-03-25T10:40:36","slug":"projekt-007","status":"publish","type":"page","link":"https:\/\/polygram.cz\/en\/projekty\/projekt-007\/","title":{"rendered":"Project 007"},"content":{"rendered":"<div data-elementor-type=\"wp-page\" data-elementor-id=\"2013\" class=\"elementor elementor-2013\" data-elementor-post-type=\"page\">\n\t\t\t\t<div data-particle_enable=\"false\" data-particle-mobile-disabled=\"false\" class=\"elementor-element elementor-element-8a67761 e-flex e-con-boxed e-con e-parent\" data-id=\"8a67761\" data-element_type=\"container\" data-settings=\"{&quot;background_background&quot;:&quot;classic&quot;}\">\n\t\t\t\t\t<div class=\"e-con-inner\">\n\t\t\t\t<div class=\"elementor-element elementor-element-4696e1e elementor-widget elementor-widget-text-editor\" data-id=\"4696e1e\" data-element_type=\"widget\" data-widget_type=\"text-editor.default\">\n\t\t\t\t<div class=\"elementor-widget-container\">\n\t\t\t\t\t\t\t\t\t<p>Project 007<\/p>\t\t\t\t\t\t\t\t<\/div>\n\t\t\t\t<\/div>\n\t\t\t\t<div class=\"elementor-element elementor-element-51e50f8 elementor-widget elementor-widget-heading\" data-id=\"51e50f8\" data-element_type=\"widget\" data-widget_type=\"heading.default\">\n\t\t\t\t<div class=\"elementor-widget-container\">\n\t\t\t\t\t<h1 class=\"elementor-heading-title elementor-size-default\">Nuselsk\u00fd pivovar II.\t\t\t\t\t<\/h1>\t\t\t\t<\/div>\n\t\t\t\t<\/div>\n\t\t\t\t\t<\/div>\n\t\t\t\t<\/div>\n\t\t<div data-particle_enable=\"false\" data-particle-mobile-disabled=\"false\" class=\"elementor-element elementor-element-89eb1b0 e-flex e-con-boxed e-con e-parent\" data-id=\"89eb1b0\" data-element_type=\"container\">\n\t\t\t\t\t<div class=\"e-con-inner\">\n\t\t<div data-particle_enable=\"false\" data-particle-mobile-disabled=\"false\" class=\"elementor-element elementor-element-8321978 e-con-full e-flex e-con e-child\" data-id=\"8321978\" data-element_type=\"container\">\n\t\t\t\t<div class=\"elementor-element elementor-element-1301da2 elementor-widget elementor-widget-heading\" data-id=\"1301da2\" data-element_type=\"widget\" data-widget_type=\"heading.default\">\n\t\t\t\t<div class=\"elementor-widget-container\">\n\t\t\t\t\t<h2 class=\"elementor-heading-title elementor-size-default\">Location<\/h2>\t\t\t\t<\/div>\n\t\t\t\t<\/div>\n\t\t\t\t<div class=\"elementor-element elementor-element-1817981 elementor-widget elementor-widget-text-editor\" data-id=\"1817981\" data-element_type=\"widget\" data-widget_type=\"text-editor.default\">\n\t\t\t\t<div class=\"elementor-widget-container\">\n\t\t\t\t\t\t\t\t\t<p>Prague<\/p>\t\t\t\t\t\t\t\t<\/div>\n\t\t\t\t<\/div>\n\t\t\t\t<\/div>\n\t\t<div data-particle_enable=\"false\" data-particle-mobile-disabled=\"false\" class=\"elementor-element elementor-element-aa544c0 e-con-full e-flex e-con e-child\" data-id=\"aa544c0\" data-element_type=\"container\">\n\t\t\t\t<div class=\"elementor-element elementor-element-e6947ef elementor-widget elementor-widget-heading\" data-id=\"e6947ef\" data-element_type=\"widget\" data-widget_type=\"heading.default\">\n\t\t\t\t<div class=\"elementor-widget-container\">\n\t\t\t\t\t<h2 class=\"elementor-heading-title elementor-size-default\">Year<\/h2>\t\t\t\t<\/div>\n\t\t\t\t<\/div>\n\t\t\t\t<div class=\"elementor-element elementor-element-4a83b20 elementor-widget elementor-widget-text-editor\" data-id=\"4a83b20\" data-element_type=\"widget\" data-widget_type=\"text-editor.default\">\n\t\t\t\t<div class=\"elementor-widget-container\">\n\t\t\t\t\t\t\t\t\t<p>2024<\/p>\t\t\t\t\t\t\t\t<\/div>\n\t\t\t\t<\/div>\n\t\t\t\t<\/div>\n\t\t<div data-particle_enable=\"false\" data-particle-mobile-disabled=\"false\" class=\"elementor-element elementor-element-47fe678 e-con-full e-flex e-con e-child\" data-id=\"47fe678\" data-element_type=\"container\">\n\t\t\t\t<div class=\"elementor-element elementor-element-c091da9 elementor-widget elementor-widget-heading\" data-id=\"c091da9\" data-element_type=\"widget\" data-widget_type=\"heading.default\">\n\t\t\t\t<div class=\"elementor-widget-container\">\n\t\t\t\t\t<h2 class=\"elementor-heading-title elementor-size-default\">Team<\/h2>\t\t\t\t<\/div>\n\t\t\t\t<\/div>\n\t\t\t\t<div class=\"elementor-element elementor-element-19884f3 elementor-widget elementor-widget-text-editor\" data-id=\"19884f3\" data-element_type=\"widget\" data-widget_type=\"text-editor.default\">\n\t\t\t\t<div class=\"elementor-widget-container\">\n\t\t\t\t\t\t\t\t\t<p>Ing. arch. Tom\u00e1\u0161 Hric<\/p>\t\t\t\t\t\t\t\t<\/div>\n\t\t\t\t<\/div>\n\t\t\t\t<\/div>\n\t\t\t\t\t<\/div>\n\t\t\t\t<\/div>\n\t\t<div data-particle_enable=\"false\" data-particle-mobile-disabled=\"false\" class=\"elementor-element elementor-element-f1dea46 e-flex e-con-boxed e-con e-parent\" data-id=\"f1dea46\" data-element_type=\"container\">\n\t\t\t\t\t<div class=\"e-con-inner\">\n\t\t<div data-particle_enable=\"false\" data-particle-mobile-disabled=\"false\" class=\"elementor-element elementor-element-4f70a90 e-con-full lightbox-trigger e-flex e-con e-child\" data-id=\"4f70a90\" data-element_type=\"container\" data-settings=\"{&quot;background_background&quot;:&quot;classic&quot;}\">\n\t\t\t\t<\/div>\n\t\t<div data-particle_enable=\"false\" data-particle-mobile-disabled=\"false\" class=\"elementor-element elementor-element-9bc7082 e-con-full lightbox-trigger e-flex e-con e-child\" data-id=\"9bc7082\" data-element_type=\"container\" data-settings=\"{&quot;background_background&quot;:&quot;classic&quot;}\">\n\t\t\t\t<\/div>\n\t\t<div data-particle_enable=\"false\" data-particle-mobile-disabled=\"false\" class=\"elementor-element elementor-element-9c2b60c e-con-full elementor-hidden-tablet e-flex e-con e-child\" data-id=\"9c2b60c\" data-element_type=\"container\" data-settings=\"{&quot;background_background&quot;:&quot;classic&quot;}\">\n\t\t\t\t<div class=\"elementor-element elementor-element-0a1f17c elementor-widget elementor-widget-image\" data-id=\"0a1f17c\" data-element_type=\"widget\" data-settings=\"{&quot;motion_fx_motion_fx_scrolling&quot;:&quot;yes&quot;,&quot;motion_fx_rotateZ_effect&quot;:&quot;yes&quot;,&quot;motion_fx_devices&quot;:[&quot;desktop&quot;],&quot;motion_fx_rotateZ_speed&quot;:{&quot;unit&quot;:&quot;px&quot;,&quot;size&quot;:1,&quot;sizes&quot;:[]},&quot;motion_fx_rotateZ_affectedRange&quot;:{&quot;unit&quot;:&quot;%&quot;,&quot;size&quot;:&quot;&quot;,&quot;sizes&quot;:{&quot;start&quot;:0,&quot;end&quot;:100}}}\" data-widget_type=\"image.default\">\n\t\t\t\t<div class=\"elementor-widget-container\">\n\t\t\t\t\t\t\t\t\t\t\t\t\t\t\t<img decoding=\"async\" width=\"170\" height=\"182\" src=\"https:\/\/polygram.cz\/wp-content\/uploads\/2024\/12\/Vector.png\" class=\"attachment-large size-large wp-image-148\" alt=\"\" srcset=\"https:\/\/polygram.cz\/wp-content\/uploads\/2024\/12\/Vector.png 170w, https:\/\/polygram.cz\/wp-content\/uploads\/2024\/12\/Vector-11x12.png 11w\" sizes=\"(max-width: 170px) 100vw, 170px\" \/>\t\t\t\t\t\t\t\t\t\t\t\t\t\t\t<\/div>\n\t\t\t\t<\/div>\n\t\t\t\t<\/div>\n\t\t<div data-particle_enable=\"false\" data-particle-mobile-disabled=\"false\" class=\"elementor-element elementor-element-07d2c05 e-con-full lightbox-trigger e-flex e-con e-child\" data-id=\"07d2c05\" data-element_type=\"container\" data-settings=\"{&quot;background_background&quot;:&quot;classic&quot;}\">\n\t\t\t\t<\/div>\n\t\t\t\t\t<\/div>\n\t\t\t\t<\/div>\n\t\t<div data-particle_enable=\"false\" data-particle-mobile-disabled=\"false\" class=\"elementor-element elementor-element-42534a3 e-flex e-con-boxed e-con e-parent\" data-id=\"42534a3\" data-element_type=\"container\">\n\t\t\t\t\t<div class=\"e-con-inner\">\n\t\t<div data-particle_enable=\"false\" data-particle-mobile-disabled=\"false\" class=\"elementor-element elementor-element-8f585eb e-con-full lightbox-trigger e-flex e-con e-child\" data-id=\"8f585eb\" data-element_type=\"container\" data-settings=\"{&quot;background_background&quot;:&quot;classic&quot;}\">\n\t\t\t\t<\/div>\n\t\t<div data-particle_enable=\"false\" data-particle-mobile-disabled=\"false\" class=\"elementor-element elementor-element-5dd6725 e-con-full lightbox-trigger e-flex e-con e-child\" data-id=\"5dd6725\" data-element_type=\"container\" data-settings=\"{&quot;background_background&quot;:&quot;classic&quot;}\">\n\t\t\t\t<\/div>\n\t\t<div data-particle_enable=\"false\" data-particle-mobile-disabled=\"false\" class=\"elementor-element elementor-element-db09bb8 e-con-full e-flex e-con e-child\" data-id=\"db09bb8\" data-element_type=\"container\" data-settings=\"{&quot;background_background&quot;:&quot;classic&quot;}\">\n\t\t\t\t<div class=\"elementor-element elementor-element-05d9d6c elementor-widget elementor-widget-image\" data-id=\"05d9d6c\" data-element_type=\"widget\" data-settings=\"{&quot;motion_fx_motion_fx_scrolling&quot;:&quot;yes&quot;,&quot;motion_fx_rotateZ_effect&quot;:&quot;yes&quot;,&quot;motion_fx_devices&quot;:[&quot;desktop&quot;],&quot;motion_fx_rotateZ_speed&quot;:{&quot;unit&quot;:&quot;px&quot;,&quot;size&quot;:1,&quot;sizes&quot;:[]},&quot;motion_fx_rotateZ_affectedRange&quot;:{&quot;unit&quot;:&quot;%&quot;,&quot;size&quot;:&quot;&quot;,&quot;sizes&quot;:{&quot;start&quot;:0,&quot;end&quot;:100}}}\" data-widget_type=\"image.default\">\n\t\t\t\t<div class=\"elementor-widget-container\">\n\t\t\t\t\t\t\t\t\t\t\t\t\t\t\t<img decoding=\"async\" width=\"170\" height=\"182\" src=\"https:\/\/polygram.cz\/wp-content\/uploads\/2024\/12\/Vector.png\" class=\"attachment-large size-large wp-image-148\" alt=\"\" srcset=\"https:\/\/polygram.cz\/wp-content\/uploads\/2024\/12\/Vector.png 170w, https:\/\/polygram.cz\/wp-content\/uploads\/2024\/12\/Vector-11x12.png 11w\" sizes=\"(max-width: 170px) 100vw, 170px\" \/>\t\t\t\t\t\t\t\t\t\t\t\t\t\t\t<\/div>\n\t\t\t\t<\/div>\n\t\t\t\t<\/div>\n\t\t<div data-particle_enable=\"false\" data-particle-mobile-disabled=\"false\" class=\"elementor-element elementor-element-ba5d756 e-con-full lightbox-trigger e-flex e-con e-child\" data-id=\"ba5d756\" data-element_type=\"container\" data-settings=\"{&quot;background_background&quot;:&quot;classic&quot;}\">\n\t\t\t\t<\/div>\n\t\t\t\t\t<\/div>\n\t\t\t\t<\/div>\n\t\t<div data-particle_enable=\"false\" data-particle-mobile-disabled=\"false\" class=\"elementor-element elementor-element-d65faca e-flex e-con-boxed e-con e-parent\" data-id=\"d65faca\" data-element_type=\"container\">\n\t\t\t\t\t<div class=\"e-con-inner\">\n\t\t<div data-particle_enable=\"false\" data-particle-mobile-disabled=\"false\" class=\"elementor-element elementor-element-267223b e-con-full lightbox-trigger e-flex e-con e-child\" data-id=\"267223b\" data-element_type=\"container\" data-settings=\"{&quot;background_background&quot;:&quot;classic&quot;}\">\n\t\t\t\t<\/div>\n\t\t<div data-particle_enable=\"false\" data-particle-mobile-disabled=\"false\" class=\"elementor-element elementor-element-58831b5 e-con-full lightbox-trigger e-flex e-con e-child\" data-id=\"58831b5\" data-element_type=\"container\" data-settings=\"{&quot;background_background&quot;:&quot;classic&quot;}\">\n\t\t\t\t<\/div>\n\t\t\t\t\t<\/div>\n\t\t\t\t<\/div>\n\t\t\t\t<\/div>","protected":false},"excerpt":{"rendered":"<p>Projekt 007 Nuselsk\u00fd pivovar II. Lokalita Praha Rok 2024 T\u00fdm Ing. arch. Tom\u00e1\u0161 Hric<\/p>","protected":false},"author":1,"featured_media":0,"parent":99,"menu_order":0,"comment_status":"closed","ping_status":"closed","template":"","meta":{"footnotes":""},"class_list":["post-2013","page","type-page","status-publish","hentry"],"blocksy_meta":[],"yoast_head":"<!-- This site is optimized with the Yoast SEO Premium plugin v23.2 (Yoast SEO v26.6) - https:\/\/yoast.com\/wordpress\/plugins\/seo\/ -->\n<title>Projekt 007 - Polygram<\/title>\n<meta name=\"robots\" content=\"index, follow, max-snippet:-1, max-image-preview:large, max-video-preview:-1\" \/>\n<link rel=\"canonical\" href=\"https:\/\/polygram.cz\/en\/projekty\/projekt-007\/\" \/>\n<meta property=\"og:locale\" content=\"en_GB\" \/>\n<meta property=\"og:type\" content=\"article\" \/>\n<meta property=\"og:title\" content=\"Projekt 007\" \/>\n<meta property=\"og:description\" content=\"Projekt 007 Nuselsk\u00fd pivovar II. Lokalita Praha Rok 2024 T\u00fdm Ing. arch. Tom\u00e1\u0161 Hric\" \/>\n<meta property=\"og:url\" content=\"https:\/\/polygram.cz\/en\/projekty\/projekt-007\/\" \/>\n<meta property=\"og:site_name\" content=\"Polygram\" \/>\n<meta property=\"article:modified_time\" content=\"2026-03-25T10:40:36+00:00\" \/>\n<meta property=\"og:image\" content=\"https:\/\/polygram.cz\/wp-content\/uploads\/2024\/12\/Vector.png\" \/>\n\t<meta property=\"og:image:width\" content=\"170\" \/>\n\t<meta property=\"og:image:height\" content=\"182\" \/>\n\t<meta property=\"og:image:type\" content=\"image\/png\" \/>\n<meta name=\"twitter:card\" content=\"summary_large_image\" \/>\n<meta name=\"twitter:label1\" content=\"Estimated reading time\" \/>\n\t<meta name=\"twitter:data1\" content=\"1 minute\" \/>\n<script type=\"application\/ld+json\" class=\"yoast-schema-graph\">{\"@context\":\"https:\/\/schema.org\",\"@graph\":[{\"@type\":\"WebPage\",\"@id\":\"https:\/\/polygram.cz\/projekty\/projekt-007\/\",\"url\":\"https:\/\/polygram.cz\/projekty\/projekt-007\/\",\"name\":\"Projekt 007 - Polygram\",\"isPartOf\":{\"@id\":\"https:\/\/polygram.cz\/#website\"},\"primaryImageOfPage\":{\"@id\":\"https:\/\/polygram.cz\/projekty\/projekt-007\/#primaryimage\"},\"image\":{\"@id\":\"https:\/\/polygram.cz\/projekty\/projekt-007\/#primaryimage\"},\"thumbnailUrl\":\"https:\/\/polygram.cz\/wp-content\/uploads\/2024\/12\/Vector.png\",\"datePublished\":\"2025-03-27T20:33:33+00:00\",\"dateModified\":\"2026-03-25T10:40:36+00:00\",\"breadcrumb\":{\"@id\":\"https:\/\/polygram.cz\/projekty\/projekt-007\/#breadcrumb\"},\"inLanguage\":\"en-GB\",\"potentialAction\":[{\"@type\":\"ReadAction\",\"target\":[\"https:\/\/polygram.cz\/projekty\/projekt-007\/\"]}]},{\"@type\":\"ImageObject\",\"inLanguage\":\"en-GB\",\"@id\":\"https:\/\/polygram.cz\/projekty\/projekt-007\/#primaryimage\",\"url\":\"https:\/\/polygram.cz\/wp-content\/uploads\/2024\/12\/Vector.png\",\"contentUrl\":\"https:\/\/polygram.cz\/wp-content\/uploads\/2024\/12\/Vector.png\"},{\"@type\":\"BreadcrumbList\",\"@id\":\"https:\/\/polygram.cz\/projekty\/projekt-007\/#breadcrumb\",\"itemListElement\":[{\"@type\":\"ListItem\",\"position\":1,\"name\":\"Home\",\"item\":\"https:\/\/polygram.cz\/\"},{\"@type\":\"ListItem\",\"position\":2,\"name\":\"Projekty\",\"item\":\"https:\/\/polygram.cz\/projekty\/\"},{\"@type\":\"ListItem\",\"position\":3,\"name\":\"Projekt 007\"}]},{\"@type\":\"WebSite\",\"@id\":\"https:\/\/polygram.cz\/#website\",\"url\":\"https:\/\/polygram.cz\/\",\"name\":\"Polygram\",\"description\":\"\",\"publisher\":{\"@id\":\"https:\/\/polygram.cz\/#organization\"},\"potentialAction\":[{\"@type\":\"SearchAction\",\"target\":{\"@type\":\"EntryPoint\",\"urlTemplate\":\"https:\/\/polygram.cz\/?s={search_term_string}\"},\"query-input\":{\"@type\":\"PropertyValueSpecification\",\"valueRequired\":true,\"valueName\":\"search_term_string\"}}],\"inLanguage\":\"en-GB\"},{\"@type\":\"Organization\",\"@id\":\"https:\/\/polygram.cz\/#organization\",\"name\":\"Polygram\",\"url\":\"https:\/\/polygram.cz\/\",\"logo\":{\"@type\":\"ImageObject\",\"inLanguage\":\"en-GB\",\"@id\":\"https:\/\/polygram.cz\/#\/schema\/logo\/image\/\",\"url\":\"https:\/\/polygram.cz\/wp-content\/uploads\/2025\/01\/Logo1-1-e1736084041608.png\",\"contentUrl\":\"https:\/\/polygram.cz\/wp-content\/uploads\/2025\/01\/Logo1-1-e1736084041608.png\",\"width\":2260,\"height\":465,\"caption\":\"Polygram\"},\"image\":{\"@id\":\"https:\/\/polygram.cz\/#\/schema\/logo\/image\/\"}}]}<\/script>\n<!-- \/ Yoast SEO Premium plugin. -->","yoast_head_json":{"title":"Projekt 007 - Polygram","robots":{"index":"index","follow":"follow","max-snippet":"max-snippet:-1","max-image-preview":"max-image-preview:large","max-video-preview":"max-video-preview:-1"},"canonical":"https:\/\/polygram.cz\/en\/projekty\/projekt-007\/","og_locale":"en_GB","og_type":"article","og_title":"Projekt 007","og_description":"Projekt 007 Nuselsk\u00fd pivovar II. Lokalita Praha Rok 2024 T\u00fdm Ing. arch. Tom\u00e1\u0161 Hric","og_url":"https:\/\/polygram.cz\/en\/projekty\/projekt-007\/","og_site_name":"Polygram","article_modified_time":"2026-03-25T10:40:36+00:00","og_image":[{"width":170,"height":182,"url":"https:\/\/polygram.cz\/wp-content\/uploads\/2024\/12\/Vector.png","type":"image\/png"}],"twitter_card":"summary_large_image","twitter_misc":{"Estimated reading time":"1 minute"},"schema":{"@context":"https:\/\/schema.org","@graph":[{"@type":"WebPage","@id":"https:\/\/polygram.cz\/projekty\/projekt-007\/","url":"https:\/\/polygram.cz\/projekty\/projekt-007\/","name":"Projekt 007 - Polygram","isPartOf":{"@id":"https:\/\/polygram.cz\/#website"},"primaryImageOfPage":{"@id":"https:\/\/polygram.cz\/projekty\/projekt-007\/#primaryimage"},"image":{"@id":"https:\/\/polygram.cz\/projekty\/projekt-007\/#primaryimage"},"thumbnailUrl":"https:\/\/polygram.cz\/wp-content\/uploads\/2024\/12\/Vector.png","datePublished":"2025-03-27T20:33:33+00:00","dateModified":"2026-03-25T10:40:36+00:00","breadcrumb":{"@id":"https:\/\/polygram.cz\/projekty\/projekt-007\/#breadcrumb"},"inLanguage":"en-GB","potentialAction":[{"@type":"ReadAction","target":["https:\/\/polygram.cz\/projekty\/projekt-007\/"]}]},{"@type":"ImageObject","inLanguage":"en-GB","@id":"https:\/\/polygram.cz\/projekty\/projekt-007\/#primaryimage","url":"https:\/\/polygram.cz\/wp-content\/uploads\/2024\/12\/Vector.png","contentUrl":"https:\/\/polygram.cz\/wp-content\/uploads\/2024\/12\/Vector.png"},{"@type":"BreadcrumbList","@id":"https:\/\/polygram.cz\/projekty\/projekt-007\/#breadcrumb","itemListElement":[{"@type":"ListItem","position":1,"name":"Home","item":"https:\/\/polygram.cz\/"},{"@type":"ListItem","position":2,"name":"Projekty","item":"https:\/\/polygram.cz\/projekty\/"},{"@type":"ListItem","position":3,"name":"Projekt 007"}]},{"@type":"WebSite","@id":"https:\/\/polygram.cz\/#website","url":"https:\/\/polygram.cz\/","name":"Polygram","description":"","publisher":{"@id":"https:\/\/polygram.cz\/#organization"},"potentialAction":[{"@type":"SearchAction","target":{"@type":"EntryPoint","urlTemplate":"https:\/\/polygram.cz\/?s={search_term_string}"},"query-input":{"@type":"PropertyValueSpecification","valueRequired":true,"valueName":"search_term_string"}}],"inLanguage":"en-GB"},{"@type":"Organization","@id":"https:\/\/polygram.cz\/#organization","name":"Polygram","url":"https:\/\/polygram.cz\/","logo":{"@type":"ImageObject","inLanguage":"en-GB","@id":"https:\/\/polygram.cz\/#\/schema\/logo\/image\/","url":"https:\/\/polygram.cz\/wp-content\/uploads\/2025\/01\/Logo1-1-e1736084041608.png","contentUrl":"https:\/\/polygram.cz\/wp-content\/uploads\/2025\/01\/Logo1-1-e1736084041608.png","width":2260,"height":465,"caption":"Polygram"},"image":{"@id":"https:\/\/polygram.cz\/#\/schema\/logo\/image\/"}}]}},"_links":{"self":[{"href":"https:\/\/polygram.cz\/en\/wp-json\/wp\/v2\/pages\/2013","targetHints":{"allow":["GET"]}}],"collection":[{"href":"https:\/\/polygram.cz\/en\/wp-json\/wp\/v2\/pages"}],"about":[{"href":"https:\/\/polygram.cz\/en\/wp-json\/wp\/v2\/types\/page"}],"author":[{"embeddable":true,"href":"https:\/\/polygram.cz\/en\/wp-json\/wp\/v2\/users\/1"}],"replies":[{"embeddable":true,"href":"https:\/\/polygram.cz\/en\/wp-json\/wp\/v2\/comments?post=2013"}],"version-history":[{"count":3,"href":"https:\/\/polygram.cz\/en\/wp-json\/wp\/v2\/pages\/2013\/revisions"}],"predecessor-version":[{"id":2592,"href":"https:\/\/polygram.cz\/en\/wp-json\/wp\/v2\/pages\/2013\/revisions\/2592"}],"up":[{"embeddable":true,"href":"https:\/\/polygram.cz\/en\/wp-json\/wp\/v2\/pages\/99"}],"wp:attachment":[{"href":"https:\/\/polygram.cz\/en\/wp-json\/wp\/v2\/media?parent=2013"}],"curies":[{"name":"wp","href":"https:\/\/api.w.org\/{rel}","templated":true}]}}